{"id":1781,"date":"2024-10-11T08:51:36","date_gmt":"2024-10-11T08:51:36","guid":{"rendered":"https:\/\/trustec.pt\/politica-de-cookies\/"},"modified":"2025-01-30T16:29:32","modified_gmt":"2025-01-30T16:29:32","slug":"politica-de-cookies","status":"publish","type":"page","link":"https:\/\/trustec.pt\/es\/politica-de-cookies\/","title":{"rendered":"Pol\u00edtica de cookies"},"content":{"rendered":"\n<p>Los sitios web de Trustec Unipessoal, Lda. utilizan cookies. Las cookies son archivos de texto que se almacenan en un sistema inform\u00e1tico a trav\u00e9s de un navegador de Internet.<\/p>\n\n<p>Muchos sitios y servidores de Internet utilizan cookies. Muchas cookies contienen el llamado ID de cookie. Un ID de cookie es un identificador \u00fanico de la cookie. Consiste en una cadena de caracteres a trav\u00e9s de la cual se pueden asignar p\u00e1ginas y servidores de Internet al navegador de Internet espec\u00edfico en el que se almacen\u00f3 la cookie. Esto permite a los sitios web y servidores de Internet visitados diferenciar el navegador individual del interesado de otros navegadores de Internet que contienen otras cookies. Un navegador de Internet espec\u00edfico puede reconocerse e identificarse utilizando la ID de cookie \u00fanica.<\/p>\n\n<p>Mediante el uso de cookies, Trustec Unipessoal, Lda. puede proporcionar a los usuarios de este sitio web servicios m\u00e1s f\u00e1ciles de usar que no ser\u00edan posibles sin la configuraci\u00f3n de cookies.<\/p>\n\n<p>Mediante una cookie, la informaci\u00f3n y las ofertas del sitio web pueden optimizarse teniendo en cuenta al usuario. Las cookies nos permiten, como se ha mencionado anteriormente, reconocer a los usuarios de nuestro sitio web. La finalidad de este reconocimiento es facilitar a los usuarios la utilizaci\u00f3n de nuestro sitio web. El usuario del sitio web que utiliza cookies, por ejemplo, no tiene que introducir datos de acceso cada vez que accede al sitio web, ya que \u00e9stos son asumidos por el sitio web y la cookie se almacena en el sistema inform\u00e1tico del usuario. Otro ejemplo es la cookie de la cesta de la compra en una tienda online. La tienda en l\u00ednea recuerda los art\u00edculos que un cliente ha colocado en la cesta de la compra virtual a trav\u00e9s de una cookie.<\/p>\n\n<p>El interesado puede, en cualquier momento, impedir la instalaci\u00f3n de cookies a trav\u00e9s de nuestro sitio web mediante la correspondiente configuraci\u00f3n del navegador de Internet utilizado y, de este modo, puede denegar permanentemente la instalaci\u00f3n de cookies. Adem\u00e1s, las cookies ya instaladas pueden eliminarse en cualquier momento mediante un navegador de Internet u otros programas de software. Esto es posible en todos los navegadores de Internet habituales. Si el interesado desactiva la configuraci\u00f3n de cookies en el navegador de Internet utilizado, algunas funciones de nuestro sitio web pueden verse afectadas.<\/p>\n\n<h4 class=\"wp-block-heading\">Recogida de datos e informaci\u00f3n general<\/h4>\n\n<p>El sitio web de Trustec Unipessoal, Lda. recoge una serie de datos e informaciones generales cuando un interesado o un sistema automatizado accede al sitio web. Estos datos e informaci\u00f3n general se almacenan en los archivos de registro del servidor. Pueden recopilarse los siguientes datos: (1) los tipos y versiones de navegador utilizados, (2) el sistema operativo utilizado por el sistema de acceso, (3) el sitio web desde el que un sistema de acceso llega a nuestro sitio web (los denominados referenciadores), (4) los sub-sitios web, (5) la fecha y hora de acceso al sitio de Internet, (6) una direcci\u00f3n de protocolo de Internet (direcci\u00f3n IP), (7) el proveedor de servicios de Internet del sistema de acceso, y (8) cualquier otro dato e informaci\u00f3n similar que pueda utilizarse en caso de ataques a nuestros sistemas de tecnolog\u00eda de la informaci\u00f3n.<\/p>\n\n<p>Al utilizar estos datos e informaci\u00f3n generales, Trustec Unipessoal, Lda. no extrae ninguna conclusi\u00f3n sobre el interesado. En cambio, esta informaci\u00f3n es necesaria para (1) ofrecer correctamente el contenido de nuestro sitio web, (2) optimizar el contenido de nuestro sitio web, as\u00ed como su publicidad, (3) garantizar la viabilidad a largo plazo de nuestros sistemas de tecnolog\u00eda de la informaci\u00f3n y la tecnolog\u00eda del sitio web, y (4) proporcionar a las autoridades responsables la informaci\u00f3n necesaria para un posible enjuiciamiento en caso de un ataque cibern\u00e9tico. Por lo tanto, Trustec Unipessoal, Lda. analiza estad\u00edsticamente los datos y la informaci\u00f3n recopilados de forma an\u00f3nima, con el objetivo de aumentar la protecci\u00f3n y la seguridad de los datos de nuestra empresa, y para garantizar un nivel \u00f3ptimo de protecci\u00f3n de los datos personales que procesamos. Los datos anonimizados de los archivos de registro del servidor se almacenan por separado de todos los datos personales proporcionados por el interesado.<\/p>\n","protected":false},"excerpt":{"rendered":"<p>Los sitios web de Trustec Unipessoal, Lda. utilizan cookies. Las cookies son archivos de texto que se almacenan en un sistema inform\u00e1tico a trav\u00e9s de un navegador de Internet. Muchos sitios y servidores de Internet utilizan cookies. Muchas cookies contienen el llamado ID de cookie. Un ID de cookie es un identificador \u00fanico de la [&hellip;]<\/p>\n","protected":false},"author":1,"featured_media":0,"parent":0,"menu_order":0,"comment_status":"closed","ping_status":"closed","template":"","meta":{"footnotes":""},"class_list":["post-1781","page","type-page","status-publish","hentry"],"_links":{"self":[{"href":"https:\/\/trustec.pt\/es\/wp-json\/wp\/v2\/pages\/1781","targetHints":{"allow":["GET"]}}],"collection":[{"href":"https:\/\/trustec.pt\/es\/wp-json\/wp\/v2\/pages"}],"about":[{"href":"https:\/\/trustec.pt\/es\/wp-json\/wp\/v2\/types\/page"}],"author":[{"embeddable":true,"href":"https:\/\/trustec.pt\/es\/wp-json\/wp\/v2\/users\/1"}],"replies":[{"embeddable":true,"href":"https:\/\/trustec.pt\/es\/wp-json\/wp\/v2\/comments?post=1781"}],"version-history":[{"count":3,"href":"https:\/\/trustec.pt\/es\/wp-json\/wp\/v2\/pages\/1781\/revisions"}],"predecessor-version":[{"id":4147,"href":"https:\/\/trustec.pt\/es\/wp-json\/wp\/v2\/pages\/1781\/revisions\/4147"}],"wp:attachment":[{"href":"https:\/\/trustec.pt\/es\/wp-json\/wp\/v2\/media?parent=1781"}],"curies":[{"name":"wp","href":"https:\/\/api.w.org\/{rel}","templated":true}]}}