{"id":1789,"date":"2024-09-05T16:28:50","date_gmt":"2024-09-05T16:28:50","guid":{"rendered":"https:\/\/trustec.pt\/sobre-nosotros\/"},"modified":"2025-01-31T09:34:46","modified_gmt":"2025-01-31T09:34:46","slug":"sobre-nosotros","status":"publish","type":"page","link":"https:\/\/trustec.pt\/es\/sobre-nosotros\/","title":{"rendered":"Sobre nosotros"},"content":{"rendered":"\t\t<div data-elementor-type=\"wp-page\" data-elementor-id=\"1789\" class=\"elementor elementor-1789 elementor-32\" data-elementor-post-type=\"page\">\n\t\t\t\t<div class=\"elementor-element elementor-element-73281f4 e-con-full e-flex e-con e-parent\" data-id=\"73281f4\" data-element_type=\"container\" data-settings=\"{&quot;jet_parallax_layout_list&quot;:[]}\">\n\t\t\t\t<div class=\"elementor-element elementor-element-e16550a background-01 elementor-widget elementor-widget-jet-engine-component-47\" data-id=\"e16550a\" data-element_type=\"widget\" data-widget_type=\"jet-engine-component-47.default\">\n\t\t\t\t<div class=\"elementor-widget-container\">\n\t\t\t\t\t<style>.elementor-47 .elementor-element.elementor-element-d7ff689{--display:flex;--min-height:1000px;--border-radius:1000px 1000px 1000px 1000px;}.elementor-47 .elementor-element.elementor-element-d7ff689:not(.elementor-motion-effects-element-type-background), .elementor-47 .elementor-element.elementor-element-d7ff689 > .elementor-motion-effects-container > .elementor-motion-effects-layer{background-color:var( --e-global-color-accent );}@media(min-width:768px){.elementor-47 .elementor-element.elementor-element-d7ff689{--content-width:1000px;}}\/* Start custom CSS for container, class: .elementor-element-d7ff689 *\/.green-blur {\n    opacity: 0.1;\n    background: #B6FF00;\n    filter: blur(150px);\n    flex-shrink: 0;\n}\/* End custom CSS *\/<\/style>\t\t<div data-elementor-type=\"jet-engine-component\" data-elementor-id=\"47\" class=\"elementor elementor-47 jet-listing-grid--47 jet-component-instance-5908\" data-elementor-post-type=\"jet-engine\" style=\"\">\n\t\t\t\t<div class=\"elementor-element elementor-element-d7ff689 green-blur e-flex e-con-boxed e-con e-parent\" data-id=\"d7ff689\" data-element_type=\"container\" data-settings=\"{&quot;background_background&quot;:&quot;classic&quot;,&quot;jet_parallax_layout_list&quot;:[]}\">\n\t\t\t\t\t<div class=\"e-con-inner\">\n\t\t\t\t\t<\/div>\n\t\t\t\t<\/div>\n\t\t\t\t<\/div>\n\t\t\t\t\t\t<\/div>\n\t\t\t\t<\/div>\n\t\t\t\t<div class=\"elementor-element elementor-element-2f1e905 background-02 elementor-widget elementor-widget-jet-engine-component-74\" data-id=\"2f1e905\" data-element_type=\"widget\" data-widget_type=\"jet-engine-component-74.default\">\n\t\t\t\t<div class=\"elementor-widget-container\">\n\t\t\t\t\t<style>.elementor-74 .elementor-element.elementor-element-b36ffe1{--display:flex;--min-height:1000px;}@media(min-width:768px){.elementor-74 .elementor-element.elementor-element-b36ffe1{--width:1000px;}}\/* Start custom CSS for container, class: .elementor-element-b36ffe1 *\/.purple-blur {\n    position: absolute;\n    opacity: 0.1;\n    background: #7D51FE;\n    filter: blur(150px);\n    flex-shrink: 0;\n}\/* End custom CSS *\/<\/style>\t\t<div data-elementor-type=\"jet-engine-component\" data-elementor-id=\"74\" class=\"elementor elementor-74 jet-listing-grid--74 jet-component-instance-8755\" data-elementor-post-type=\"jet-engine\" style=\"\">\n\t\t\t\t<div class=\"elementor-element elementor-element-b36ffe1 purple-blur e-con-full e-flex e-con e-parent\" data-id=\"b36ffe1\" data-element_type=\"container\" data-settings=\"{&quot;jet_parallax_layout_list&quot;:[]}\">\n\t\t\t\t<\/div>\n\t\t\t\t<\/div>\n\t\t\t\t\t\t<\/div>\n\t\t\t\t<\/div>\n\t\t\t\t<div class=\"elementor-element elementor-element-3c12990 elementor-widget elementor-widget-heading\" data-id=\"3c12990\" data-element_type=\"widget\" data-widget_type=\"heading.default\">\n\t\t\t\t<div class=\"elementor-widget-container\">\n\t\t\t\t\t<h2 class=\"elementor-heading-title elementor-size-default\">Sobre nosotros<\/h2>\t\t\t\t<\/div>\n\t\t\t\t<\/div>\n\t\t\t\t<div class=\"elementor-element elementor-element-964997b elementor-widget elementor-widget-heading\" data-id=\"964997b\" data-element_type=\"widget\" data-widget_type=\"heading.default\">\n\t\t\t\t<div class=\"elementor-widget-container\">\n\t\t\t\t\t<h3 class=\"elementor-heading-title elementor-size-default\">La soluci\u00f3n<br>ideal!<\/h3>\t\t\t\t<\/div>\n\t\t\t\t<\/div>\n\t\t<div class=\"elementor-element elementor-element-0aa74f4 e-con-full e-flex e-con e-child\" data-id=\"0aa74f4\" data-element_type=\"container\" data-settings=\"{&quot;jet_parallax_layout_list&quot;:[],&quot;motion_fx_motion_fx_scrolling&quot;:&quot;yes&quot;,&quot;motion_fx_translateY_effect&quot;:&quot;yes&quot;,&quot;motion_fx_translateY_direction&quot;:&quot;negative&quot;,&quot;motion_fx_translateY_speed&quot;:{&quot;unit&quot;:&quot;px&quot;,&quot;size&quot;:2,&quot;sizes&quot;:[]},&quot;motion_fx_devices&quot;:[&quot;desktop&quot;],&quot;motion_fx_translateY_affectedRange&quot;:{&quot;unit&quot;:&quot;%&quot;,&quot;size&quot;:&quot;&quot;,&quot;sizes&quot;:{&quot;start&quot;:0,&quot;end&quot;:100}}}\">\n\t\t\t\t<div class=\"elementor-element elementor-element-a6fc534 elementor-widget__width-initial elementor-widget elementor-widget-text-editor\" data-id=\"a6fc534\" data-element_type=\"widget\" data-widget_type=\"text-editor.default\">\n\t\t\t\t<div class=\"elementor-widget-container\">\n\t\t\t\t\t\t\t\t\t<p>Trustec, Unipessoal Lda., fundada en 2006, es su socio de confianza en la importaci\u00f3n y exportaci\u00f3n de m\u00e1quinas y equipos para la industria el\u00e9ctrica y de transformaci\u00f3n.<\/p>\n<p>Actuamos a nivel nacional e internacional, ofreciendo soluciones innovadoras para sectores como cableado automotriz, aeron\u00e1utico, m\u00e9dico-farmac\u00e9utico, militar, alimentario, etc.<\/p>\n\t\t\t\t\t\t\t\t<\/div>\n\t\t\t\t<\/div>\n\t\t<div class=\"elementor-element elementor-element-7c8125d e-con-full e-flex e-con e-child\" data-id=\"7c8125d\" data-element_type=\"container\" data-settings=\"{&quot;jet_parallax_layout_list&quot;:[],&quot;motion_fx_motion_fx_scrolling&quot;:&quot;yes&quot;,&quot;motion_fx_devices&quot;:[&quot;desktop&quot;,&quot;tablet&quot;,&quot;mobile&quot;]}\">\n\t\t<div class=\"elementor-element elementor-element-f3a0e1b e-con-full e-flex e-con e-child\" data-id=\"f3a0e1b\" data-element_type=\"container\" data-settings=\"{&quot;jet_parallax_layout_list&quot;:[]}\">\n\t\t\t\t<div class=\"elementor-element elementor-element-02eefbe about-img animated-slow elementor-invisible elementor-widget elementor-widget-image\" data-id=\"02eefbe\" data-element_type=\"widget\" data-settings=\"{&quot;_animation&quot;:&quot;fadeInLeft&quot;}\" data-widget_type=\"image.default\">\n\t\t\t\t<div class=\"elementor-widget-container\">\n\t\t\t\t\t\t\t\t\t\t\t\t\t\t\t<img fetchpriority=\"high\" decoding=\"async\" width=\"800\" height=\"533\" src=\"https:\/\/trustec.pt\/wp-content\/uploads\/2024\/10\/inside-the-new-factory-manufacturing-electrical-ca-2023-11-27-05-19-31-utc.jpg\" class=\"attachment-large size-large wp-image-1118\" alt=\"\" srcset=\"https:\/\/trustec.pt\/wp-content\/uploads\/2024\/10\/inside-the-new-factory-manufacturing-electrical-ca-2023-11-27-05-19-31-utc.jpg 1000w, https:\/\/trustec.pt\/wp-content\/uploads\/2024\/10\/inside-the-new-factory-manufacturing-electrical-ca-2023-11-27-05-19-31-utc-300x200.jpg 300w, https:\/\/trustec.pt\/wp-content\/uploads\/2024\/10\/inside-the-new-factory-manufacturing-electrical-ca-2023-11-27-05-19-31-utc-768x511.jpg 768w\" sizes=\"(max-width: 800px) 100vw, 800px\" \/>\t\t\t\t\t\t\t\t\t\t\t\t\t\t\t<\/div>\n\t\t\t\t<\/div>\n\t\t\t\t<div class=\"elementor-element elementor-element-ffe6bfb elementor-widget__width-initial elementor-absolute elementor-hidden-mobile elementor-invisible elementor-widget elementor-widget-heading\" data-id=\"ffe6bfb\" data-element_type=\"widget\" data-settings=\"{&quot;_position&quot;:&quot;absolute&quot;,&quot;_animation&quot;:&quot;fadeInUp&quot;}\" data-widget_type=\"heading.default\">\n\t\t\t\t<div class=\"elementor-widget-container\">\n\t\t\t\t\t<h2 class=\"elementor-heading-title elementor-size-default\">Suministramos m\u00e1s que m\u00e1quinas, entregamos soluciones que ayudan a nuestros clientes a crecer!<\/h2>\t\t\t\t<\/div>\n\t\t\t\t<\/div>\n\t\t\t\t<div class=\"elementor-element elementor-element-7c555f4 elementor-widget__width-initial elementor-hidden-desktop elementor-hidden-tablet elementor-invisible elementor-widget elementor-widget-heading\" data-id=\"7c555f4\" data-element_type=\"widget\" data-settings=\"{&quot;_animation&quot;:&quot;fadeInUp&quot;}\" data-widget_type=\"heading.default\">\n\t\t\t\t<div class=\"elementor-widget-container\">\n\t\t\t\t\t<h2 class=\"elementor-heading-title elementor-size-default\">Suministramos m\u00e1s que m\u00e1quinas, entregamos soluciones que ayudan a nuestros clientes a crecer!<\/h2>\t\t\t\t<\/div>\n\t\t\t\t<\/div>\n\t\t\t\t<\/div>\n\t\t\t\t<div class=\"elementor-element elementor-element-f7dce4b elementor-widget elementor-widget-text-editor\" data-id=\"f7dce4b\" data-element_type=\"widget\" data-widget_type=\"text-editor.default\">\n\t\t\t\t<div class=\"elementor-widget-container\">\n\t\t\t\t\t\t\t\t\t<p>Cada proyecto es analizado al detalle por nuestro departamento t\u00e9cnico y comercial, para garantizar que sus requerimientos sean atendidos de forma personalizada.<\/p>\n\t\t\t\t\t\t\t\t<\/div>\n\t\t\t\t<\/div>\n\t\t<div class=\"elementor-element elementor-element-34e3d55 e-con-full e-flex e-con e-child\" data-id=\"34e3d55\" data-element_type=\"container\" data-settings=\"{&quot;jet_parallax_layout_list&quot;:[]}\">\n\t\t\t\t<div class=\"elementor-element elementor-element-df7bb7c elementor-widget elementor-widget-heading\" data-id=\"df7bb7c\" data-element_type=\"widget\" data-widget_type=\"heading.default\">\n\t\t\t\t<div class=\"elementor-widget-container\">\n\t\t\t\t\t<h2 class=\"elementor-heading-title elementor-size-default\">Nuestra misi\u00f3n<\/h2>\t\t\t\t<\/div>\n\t\t\t\t<\/div>\n\t\t\t\t<div class=\"elementor-element elementor-element-ef1b28c elementor-widget elementor-widget-text-editor\" data-id=\"ef1b28c\" data-element_type=\"widget\" data-widget_type=\"text-editor.default\">\n\t\t\t\t<div class=\"elementor-widget-container\">\n\t\t\t\t\t\t\t\t\t<p>Llevamos a usted lo mejor de cada sector, siempre alineados con las \u00faltimas innovaciones tecnol\u00f3gicas. Garantizamos una asistencia t\u00e9cnica especializada y un servicio postventa \u00e1gil y eficaz, asegurando la m\u00e1xima satisfacci\u00f3n y soporte continuo.<\/p>\n\t\t\t\t\t\t\t\t<\/div>\n\t\t\t\t<\/div>\n\t\t\t\t<\/div>\n\t\t\t\t<\/div>\n\t\t\t\t<\/div>\n\t\t\t\t<div class=\"elementor-element elementor-element-51010dc squares-background elementor-widget elementor-widget-jet-inline-svg\" data-id=\"51010dc\" data-element_type=\"widget\" data-widget_type=\"jet-inline-svg.default\">\n\t\t\t\t<div class=\"elementor-widget-container\">\n\t\t\t\t\t<div class=\"elementor-jet-inline-svg jet-elements\"><div class=\"jet-inline-svg__wrapper\"><div class=\"jet-inline-svg jet-inline-svg--custom-width jet-inline-svg--custom-color\"><div class=\"jet-inline-svg__inner\"><?xml version=\"1.0\" encoding=\"UTF-8\"?>\n<svg xmlns=\"http:\/\/www.w3.org\/2000\/svg\" xmlns:xlink=\"http:\/\/www.w3.org\/1999\/xlink\" xmlns:serif=\"http:\/\/www.serif.com\/\" width=\"100%\" height=\"100%\" viewBox=\"0 0 1617 635\" xml:space=\"preserve\" style=\"fill-rule:evenodd;clip-rule:evenodd;\">    <g transform=\"matrix(1,0,0,1,-0.887194,1.03074)\">        <g opacity=\"0.5\">            <g transform=\"matrix(1,0,0,1,0,-1)\">                <path d=\"M1.918,135.372L1616.45,135.372\" style=\"fill:none;fill-rule:nonzero;stroke:rgb(157,157,157);stroke-width:0.5px;\"><\/path>            <\/g>            <g transform=\"matrix(1,0,0,1,0,-1)\">                <path d=\"M1.918,234.728L1616.45,234.728\" style=\"fill:none;fill-rule:nonzero;stroke:rgb(157,157,157);stroke-width:0.5px;\"><\/path>            <\/g>            <g transform=\"matrix(1,0,0,1,0,-1)\">                <path d=\"M1.918,334.084L1616.45,334.084\" style=\"fill:none;fill-rule:nonzero;stroke:rgb(157,157,157);stroke-width:0.5px;\"><\/path>            <\/g>            <g transform=\"matrix(1,0,0,1,0,-1)\">                <path d=\"M1.918,433.44L1616.45,433.44\" style=\"fill:none;fill-rule:nonzero;stroke:rgb(157,157,157);stroke-width:0.5px;\"><\/path>            <\/g>            <g transform=\"matrix(1,0,0,1,0,-1)\">                <path d=\"M1.918,532.796L1616.45,532.796\" style=\"fill:none;fill-rule:nonzero;stroke:rgb(157,157,157);stroke-width:0.5px;\"><\/path>            <\/g>            <g transform=\"matrix(1,0,0,1,0,-1)\">                <path d=\"M1.918,632.152L1616.45,632.152\" style=\"fill:none;fill-rule:nonzero;stroke:rgb(157,157,157);stroke-width:0.5px;\"><\/path>            <\/g>            <g transform=\"matrix(1,0,0,1,0,-1)\">                <path d=\"M101.274,632.152L101.274,0\" style=\"fill:none;fill-rule:nonzero;stroke:rgb(157,157,157);stroke-width:0.5px;\"><\/path>            <\/g>            <g transform=\"matrix(1,0,0,1,0,-1)\">                <path d=\"M200.63,632.152L200.63,0\" style=\"fill:none;fill-rule:nonzero;stroke:rgb(157,157,157);stroke-width:0.5px;\"><\/path>            <\/g>            <g transform=\"matrix(1,0,0,1,0,-1)\">                <path d=\"M299.985,632.152L299.985,0\" style=\"fill:none;fill-rule:nonzero;stroke:rgb(157,157,157);stroke-width:0.5px;\"><\/path>            <\/g>            <g transform=\"matrix(1,0,0,1,0,-1)\">                <path d=\"M399.342,632.152L399.342,0\" style=\"fill:none;fill-rule:nonzero;stroke:rgb(157,157,157);stroke-width:0.5px;\"><\/path>            <\/g>            <g transform=\"matrix(1,0,0,1,0,-1)\">                <path d=\"M498.698,632.152L498.698,0\" style=\"fill:none;fill-rule:nonzero;stroke:rgb(157,157,157);stroke-width:0.5px;\"><\/path>            <\/g>            <g transform=\"matrix(1,0,0,1,0,-1)\">                <path d=\"M598.054,632.152L598.054,0\" style=\"fill:none;fill-rule:nonzero;stroke:rgb(157,157,157);stroke-width:0.5px;\"><\/path>            <\/g>            <g transform=\"matrix(1,0,0,1,0,-1)\">                <path d=\"M697.409,632.152L697.409,0\" style=\"fill:none;fill-rule:nonzero;stroke:rgb(157,157,157);stroke-width:0.5px;\"><\/path>            <\/g>            <g transform=\"matrix(1,0,0,1,0,-1)\">                <path d=\"M796.765,632.152L796.765,0\" style=\"fill:none;fill-rule:nonzero;stroke:rgb(157,157,157);stroke-width:0.5px;\"><\/path>            <\/g>            <g transform=\"matrix(1,0,0,1,0,-1)\">                <path d=\"M896.121,632.152L896.121,0\" style=\"fill:none;fill-rule:nonzero;stroke:rgb(157,157,157);stroke-width:0.5px;\"><\/path>            <\/g>            <g transform=\"matrix(1,0,0,1,0,-1)\">                <path d=\"M995.477,632.152L995.477,0\" style=\"fill:none;fill-rule:nonzero;stroke:rgb(157,157,157);stroke-width:0.5px;\"><\/path>            <\/g>            <g transform=\"matrix(1,0,0,1,0,-1)\">                <path d=\"M1094.83,632.152L1094.83,0\" style=\"fill:none;fill-rule:nonzero;stroke:rgb(157,157,157);stroke-width:0.5px;\"><\/path>            <\/g>            <g transform=\"matrix(1,0,0,1,0,-1)\">                <path d=\"M1194.19,632.152L1194.19,0\" style=\"fill:none;fill-rule:nonzero;stroke:rgb(157,157,157);stroke-width:0.5px;\"><\/path>            <\/g>            <g transform=\"matrix(1,0,0,1,0,-1)\">                <path d=\"M1293.54,632.152L1293.54,0\" style=\"fill:none;fill-rule:nonzero;stroke:rgb(157,157,157);stroke-width:0.5px;\"><\/path>            <\/g>            <g transform=\"matrix(1,0,0,1,0,-1)\">                <path d=\"M1392.9,632.152L1392.9,0\" style=\"fill:none;fill-rule:nonzero;stroke:rgb(157,157,157);stroke-width:0.5px;\"><\/path>            <\/g>            <g transform=\"matrix(1,0,0,1,0,-1)\">                <path d=\"M1492.26,632.152L1492.26,0\" style=\"fill:none;fill-rule:nonzero;stroke:rgb(157,157,157);stroke-width:0.5px;\"><\/path>            <\/g>            <g transform=\"matrix(1,0,0,1,0,-1)\">                <path d=\"M1591.61,632.152L1591.61,0\" style=\"fill:none;fill-rule:nonzero;stroke:rgb(157,157,157);stroke-width:0.5px;\"><\/path>            <\/g>        <\/g>    <\/g><\/svg>\n<\/div><\/div><\/div><\/div>\t\t\t\t<\/div>\n\t\t\t\t<\/div>\n\t\t\t\t<\/div>\n\t\t\t\t<\/div>\n\t\t","protected":false},"excerpt":{"rendered":"<p>La soluci\u00f3nideal! Trustec, Unipessoal Lda., fundada en 2006, es su socio de confianza en la importaci\u00f3n y exportaci\u00f3n de m\u00e1quinas y equipos para la industria el\u00e9ctrica y de transformaci\u00f3n. Actuamos a nivel nacional e internacional, ofreciendo soluciones innovadoras para sectores como cableado automotriz, aeron\u00e1utico, m\u00e9dico-farmac\u00e9utico, militar, alimentario, etc. Suministramos m\u00e1s que m\u00e1quinas, entregamos soluciones que [&hellip;]<\/p>\n","protected":false},"author":1,"featured_media":0,"parent":0,"menu_order":0,"comment_status":"closed","ping_status":"closed","template":"","meta":{"footnotes":""},"class_list":["post-1789","page","type-page","status-publish","hentry"],"_links":{"self":[{"href":"https:\/\/trustec.pt\/es\/wp-json\/wp\/v2\/pages\/1789","targetHints":{"allow":["GET"]}}],"collection":[{"href":"https:\/\/trustec.pt\/es\/wp-json\/wp\/v2\/pages"}],"about":[{"href":"https:\/\/trustec.pt\/es\/wp-json\/wp\/v2\/types\/page"}],"author":[{"embeddable":true,"href":"https:\/\/trustec.pt\/es\/wp-json\/wp\/v2\/users\/1"}],"replies":[{"embeddable":true,"href":"https:\/\/trustec.pt\/es\/wp-json\/wp\/v2\/comments?post=1789"}],"version-history":[{"count":3,"href":"https:\/\/trustec.pt\/es\/wp-json\/wp\/v2\/pages\/1789\/revisions"}],"predecessor-version":[{"id":4151,"href":"https:\/\/trustec.pt\/es\/wp-json\/wp\/v2\/pages\/1789\/revisions\/4151"}],"wp:attachment":[{"href":"https:\/\/trustec.pt\/es\/wp-json\/wp\/v2\/media?parent=1789"}],"curies":[{"name":"wp","href":"https:\/\/api.w.org\/{rel}","templated":true}]}}